{"id":20,"date":"2019-11-29T09:21:04","date_gmt":"2019-11-29T09:21:04","guid":{"rendered":"https:\/\/eiv.lt\/?page_id=20"},"modified":"2019-11-29T09:38:08","modified_gmt":"2019-11-29T09:38:08","slug":"susisiekite","status":"publish","type":"page","link":"https:\/\/eiv.lt\/?page_id=20","title":{"rendered":"Susisiekite"},"content":{"rendered":"\n<p>M\u016bs\u0173 kontaktai:<\/p>\n\n\n\n<p>rolandas@eiv.lt -Direktorius<\/p>\n\n\n\n<p><\/p>\n","protected":false},"excerpt":{"rendered":"<p>M\u016bs\u0173 kontaktai: rolandas@eiv.lt -Direktorius<\/p>\n","protected":false},"author":1,"featured_media":0,"parent":0,"menu_order":0,"comment_status":"closed","ping_status":"closed","template":"","meta":{"footnotes":""},"class_list":["post-20","page","type-page","status-publish","hentry"],"yoast_head":"<!-- This site is optimized with the Yoast SEO plugin v23.4 - https:\/\/yoast.com\/wordpress\/plugins\/seo\/ -->\n<title>Susisiekite - Elektra i\u0161 v\u0117jo<\/title>\n<meta name=\"description\" content=\"M\u016bs\u0173 kontaktai\" \/>\n<meta name=\"robots\" content=\"index, follow, max-snippet:-1, max-image-preview:large, max-video-preview:-1\" \/>\n<link rel=\"canonical\" href=\"https:\/\/eiv.lt\/?page_id=20\" \/>\n<meta property=\"og:locale\" content=\"lt_LT\" \/>\n<meta property=\"og:type\" content=\"article\" \/>\n<meta property=\"og:title\" content=\"Susisiekite - Elektra i\u0161 v\u0117jo\" \/>\n<meta property=\"og:description\" content=\"M\u016bs\u0173 kontaktai\" \/>\n<meta property=\"og:url\" content=\"https:\/\/eiv.lt\/?page_id=20\" \/>\n<meta property=\"og:site_name\" content=\"Elektra i\u0161 v\u0117jo\" \/>\n<meta property=\"article:modified_time\" content=\"2019-11-29T09:38:08+00:00\" \/>\n<meta name=\"twitter:card\" content=\"summary_large_image\" \/>\n<script type=\"application\/ld+json\" class=\"yoast-schema-graph\">{\"@context\":\"https:\/\/schema.org\",\"@graph\":[{\"@type\":\"WebPage\",\"@id\":\"https:\/\/eiv.lt\/?page_id=20\",\"url\":\"https:\/\/eiv.lt\/?page_id=20\",\"name\":\"Susisiekite - Elektra i\u0161 v\u0117jo\",\"isPartOf\":{\"@id\":\"https:\/\/eiv.lt\/#website\"},\"datePublished\":\"2019-11-29T09:21:04+00:00\",\"dateModified\":\"2019-11-29T09:38:08+00:00\",\"description\":\"M\u016bs\u0173 kontaktai\",\"breadcrumb\":{\"@id\":\"https:\/\/eiv.lt\/?page_id=20#breadcrumb\"},\"inLanguage\":\"lt-LT\",\"potentialAction\":[{\"@type\":\"ReadAction\",\"target\":[\"https:\/\/eiv.lt\/?page_id=20\"]}]},{\"@type\":\"BreadcrumbList\",\"@id\":\"https:\/\/eiv.lt\/?page_id=20#breadcrumb\",\"itemListElement\":[{\"@type\":\"ListItem\",\"position\":1,\"name\":\"Home\",\"item\":\"https:\/\/eiv.lt\/\"},{\"@type\":\"ListItem\",\"position\":2,\"name\":\"Susisiekite\"}]},{\"@type\":\"WebSite\",\"@id\":\"https:\/\/eiv.lt\/#website\",\"url\":\"https:\/\/eiv.lt\/\",\"name\":\"Elektra i\u0161 v\u0117jo\",\"description\":\"\u0160vari energija\",\"potentialAction\":[{\"@type\":\"SearchAction\",\"target\":{\"@type\":\"EntryPoint\",\"urlTemplate\":\"https:\/\/eiv.lt\/?s={search_term_string}\"},\"query-input\":{\"@type\":\"PropertyValueSpecification\",\"valueRequired\":true,\"valueName\":\"search_term_string\"}}],\"inLanguage\":\"lt-LT\"}]}<\/script>\n<!-- \/ Yoast SEO plugin. -->","yoast_head_json":{"title":"Susisiekite - Elektra i\u0161 v\u0117jo","description":"M\u016bs\u0173 kontaktai","robots":{"index":"index","follow":"follow","max-snippet":"max-snippet:-1","max-image-preview":"max-image-preview:large","max-video-preview":"max-video-preview:-1"},"canonical":"https:\/\/eiv.lt\/?page_id=20","og_locale":"lt_LT","og_type":"article","og_title":"Susisiekite - Elektra i\u0161 v\u0117jo","og_description":"M\u016bs\u0173 kontaktai","og_url":"https:\/\/eiv.lt\/?page_id=20","og_site_name":"Elektra i\u0161 v\u0117jo","article_modified_time":"2019-11-29T09:38:08+00:00","twitter_card":"summary_large_image","schema":{"@context":"https:\/\/schema.org","@graph":[{"@type":"WebPage","@id":"https:\/\/eiv.lt\/?page_id=20","url":"https:\/\/eiv.lt\/?page_id=20","name":"Susisiekite - Elektra i\u0161 v\u0117jo","isPartOf":{"@id":"https:\/\/eiv.lt\/#website"},"datePublished":"2019-11-29T09:21:04+00:00","dateModified":"2019-11-29T09:38:08+00:00","description":"M\u016bs\u0173 kontaktai","breadcrumb":{"@id":"https:\/\/eiv.lt\/?page_id=20#breadcrumb"},"inLanguage":"lt-LT","potentialAction":[{"@type":"ReadAction","target":["https:\/\/eiv.lt\/?page_id=20"]}]},{"@type":"BreadcrumbList","@id":"https:\/\/eiv.lt\/?page_id=20#breadcrumb","itemListElement":[{"@type":"ListItem","position":1,"name":"Home","item":"https:\/\/eiv.lt\/"},{"@type":"ListItem","position":2,"name":"Susisiekite"}]},{"@type":"WebSite","@id":"https:\/\/eiv.lt\/#website","url":"https:\/\/eiv.lt\/","name":"Elektra i\u0161 v\u0117jo","description":"\u0160vari energija","potentialAction":[{"@type":"SearchAction","target":{"@type":"EntryPoint","urlTemplate":"https:\/\/eiv.lt\/?s={search_term_string}"},"query-input":{"@type":"PropertyValueSpecification","valueRequired":true,"valueName":"search_term_string"}}],"inLanguage":"lt-LT"}]}},"_links":{"self":[{"href":"https:\/\/eiv.lt\/index.php?rest_route=\/wp\/v2\/pages\/20","targetHints":{"allow":["GET"]}}],"collection":[{"href":"https:\/\/eiv.lt\/index.php?rest_route=\/wp\/v2\/pages"}],"about":[{"href":"https:\/\/eiv.lt\/index.php?rest_route=\/wp\/v2\/types\/page"}],"author":[{"embeddable":true,"href":"https:\/\/eiv.lt\/index.php?rest_route=\/wp\/v2\/users\/1"}],"replies":[{"embeddable":true,"href":"https:\/\/eiv.lt\/index.php?rest_route=%2Fwp%2Fv2%2Fcomments&post=20"}],"version-history":[{"count":3,"href":"https:\/\/eiv.lt\/index.php?rest_route=\/wp\/v2\/pages\/20\/revisions"}],"predecessor-version":[{"id":44,"href":"https:\/\/eiv.lt\/index.php?rest_route=\/wp\/v2\/pages\/20\/revisions\/44"}],"wp:attachment":[{"href":"https:\/\/eiv.lt\/index.php?rest_route=%2Fwp%2Fv2%2Fmedia&parent=20"}],"curies":[{"name":"wp","href":"https:\/\/api.w.org\/{rel}","templated":true}]}}